{"id":109028,"date":"2026-05-10T10:47:37","date_gmt":"2026-05-10T10:47:37","guid":{"rendered":"https:\/\/matikuld.ee\/?post_type=product&#038;p=109028"},"modified":"2026-05-10T11:02:39","modified_gmt":"2026-05-10T11:02:39","slug":"kullast-sormus-laboris-kasvatatud-teemantiga-103-ct-kood-lab-mt1038-y-100","status":"publish","type":"product","link":"https:\/\/matikuld.ee\/en\/product\/kullast-sormus-laboris-kasvatatud-teemantiga-103-ct-kood-lab-mt1038-y-100\/","title":{"rendered":"Kullast s\u00f5rmus laboris kasvatatud teemantiga 1,03 ct. Kood: LAB-MT1038-Y-1,00"},"content":{"rendered":"<p><strong>16,0 mm<\/strong> &#8211; IGI sertifikaat: <a href=\"https:\/\/www.igi.org\/verify-your-report\/?r=777630970\"><em><strong>Vaata l\u00e4hemalt!<\/strong><\/em><\/a><\/p>\n<p><strong>16,5 mm<\/strong> &#8211; IGI sertifikaat: <a href=\"https:\/\/www.igi.org\/verify-your-report\/?r=777628244\"><em><strong>Vaata l\u00e4hemalt!<\/strong><\/em><\/a><\/p>\n<p><strong>17,0 mm<\/strong> &#8211; IGI sertifikaat: <a href=\"https:\/\/www.igi.org\/verify-your-report\/?r=778649439\"><em><strong>Vaata l\u00e4hemalt!<\/strong><\/em><\/a><\/p>\n","protected":false},"excerpt":{"rendered":"<p>16,0 mm &#8211; IGI sertifikaat: Vaata l\u00e4hemalt! 16,5 mm &#8211; IGI sertifikaat: Vaata l\u00e4hemalt! 17,0 mm &#8211; IGI sertifikaat: Vaata l\u00e4hemalt!<\/p>\n","protected":false},"featured_media":109029,"template":"","meta":{"_acf_changed":false},"product_cat":[144,34,1134,1140,41],"product_tag":[],"woo-feed-brand":[],"class_list":{"0":"post-109028","1":"product","2":"type-product","3":"status-publish","4":"has-post-thumbnail","6":"product_cat-diore-kihlasormused","7":"product_cat-ehted","8":"product_cat-kihlasormused","9":"product_cat-naistele","10":"product_cat-sormused","11":"pa_metall-kuld-750-kollane","12":"pa_moodud-160-mm","13":"pa_moodud-165-mm","14":"pa_moodud-170-mm","16":"first","17":"instock","18":"sale","19":"taxable","20":"shipping-taxable","21":"purchasable","22":"product-type-variable","23":"has-default-attributes"},"acf":[],"yoast_head":"<!-- This site is optimized with the Yoast SEO plugin v27.5 - https:\/\/yoast.com\/product\/yoast-seo-wordpress\/ -->\n<title>Kullast s\u00f5rmus laboris kasvatatud teemantiga 1,03 ct. Kood: LAB-MT1038-Y-1,00 - MATIGOLD<\/title>\n<meta name=\"robots\" content=\"index, follow, max-snippet:-1, max-image-preview:large, max-video-preview:-1\" \/>\n<link rel=\"canonical\" href=\"https:\/\/matikuld.ee\/toode\/kullast-sormus-laboris-kasvatatud-teemantiga-103-ct-kood-lab-mt1038-y-100\/\" \/>\n<meta property=\"og:locale\" content=\"en_US\" \/>\n<meta property=\"og:type\" content=\"article\" \/>\n<meta property=\"og:title\" content=\"Kullast s\u00f5rmus laboris kasvatatud teemantiga 1,03 ct. Kood: LAB-MT1038-Y-1,00 - MATIGOLD\" \/>\n<meta property=\"og:description\" content=\"16,0 mm &#8211; IGI sertifikaat: Vaata l\u00e4hemalt! 16,5 mm &#8211; IGI sertifikaat: Vaata l\u00e4hemalt! 17,0 mm &#8211; IGI sertifikaat: Vaata l\u00e4hemalt!\" \/>\n<meta property=\"og:url\" content=\"https:\/\/matikuld.ee\/toode\/kullast-sormus-laboris-kasvatatud-teemantiga-103-ct-kood-lab-mt1038-y-100\/\" \/>\n<meta property=\"og:site_name\" content=\"MATIGOLD\" \/>\n<meta property=\"article:modified_time\" content=\"2026-05-10T11:02:39+00:00\" \/>\n<meta property=\"og:image\" content=\"https:\/\/matikuld.ee\/wp-content\/uploads\/2026\/05\/lab-mt1038-y-100-eest-2026-v2.jpg\" \/>\n\t<meta property=\"og:image:width\" content=\"1080\" \/>\n\t<meta property=\"og:image:height\" content=\"1080\" \/>\n\t<meta property=\"og:image:type\" content=\"image\/jpeg\" \/>\n<meta name=\"twitter:card\" content=\"summary_large_image\" \/>\n<meta name=\"twitter:label1\" content=\"Est. reading time\" \/>\n\t<meta name=\"twitter:data1\" content=\"1 minute\" \/>\n<script type=\"application\/ld+json\" class=\"yoast-schema-graph\">{\"@context\":\"https:\\\/\\\/schema.org\",\"@graph\":[{\"@type\":\"WebPage\",\"@id\":\"https:\\\/\\\/matikuld.ee\\\/toode\\\/kullast-sormus-laboris-kasvatatud-teemantiga-103-ct-kood-lab-mt1038-y-100\\\/\",\"url\":\"https:\\\/\\\/matikuld.ee\\\/toode\\\/kullast-sormus-laboris-kasvatatud-teemantiga-103-ct-kood-lab-mt1038-y-100\\\/\",\"name\":\"Kullast s\u00f5rmus laboris kasvatatud teemantiga 1,03 ct. Kood: LAB-MT1038-Y-1,00 - MATIGOLD\",\"isPartOf\":{\"@id\":\"https:\\\/\\\/matikuld.ee\\\/#website\"},\"primaryImageOfPage\":{\"@id\":\"https:\\\/\\\/matikuld.ee\\\/toode\\\/kullast-sormus-laboris-kasvatatud-teemantiga-103-ct-kood-lab-mt1038-y-100\\\/#primaryimage\"},\"image\":{\"@id\":\"https:\\\/\\\/matikuld.ee\\\/toode\\\/kullast-sormus-laboris-kasvatatud-teemantiga-103-ct-kood-lab-mt1038-y-100\\\/#primaryimage\"},\"thumbnailUrl\":\"https:\\\/\\\/matikuld.ee\\\/wp-content\\\/uploads\\\/2026\\\/05\\\/lab-mt1038-y-100-eest-2026-v2.jpg\",\"datePublished\":\"2026-05-10T10:47:37+00:00\",\"dateModified\":\"2026-05-10T11:02:39+00:00\",\"breadcrumb\":{\"@id\":\"https:\\\/\\\/matikuld.ee\\\/toode\\\/kullast-sormus-laboris-kasvatatud-teemantiga-103-ct-kood-lab-mt1038-y-100\\\/#breadcrumb\"},\"inLanguage\":\"en-US\",\"potentialAction\":[{\"@type\":\"ReadAction\",\"target\":[\"https:\\\/\\\/matikuld.ee\\\/toode\\\/kullast-sormus-laboris-kasvatatud-teemantiga-103-ct-kood-lab-mt1038-y-100\\\/\"]}]},{\"@type\":\"ImageObject\",\"inLanguage\":\"en-US\",\"@id\":\"https:\\\/\\\/matikuld.ee\\\/toode\\\/kullast-sormus-laboris-kasvatatud-teemantiga-103-ct-kood-lab-mt1038-y-100\\\/#primaryimage\",\"url\":\"https:\\\/\\\/matikuld.ee\\\/wp-content\\\/uploads\\\/2026\\\/05\\\/lab-mt1038-y-100-eest-2026-v2.jpg\",\"contentUrl\":\"https:\\\/\\\/matikuld.ee\\\/wp-content\\\/uploads\\\/2026\\\/05\\\/lab-mt1038-y-100-eest-2026-v2.jpg\",\"width\":1080,\"height\":1080,\"caption\":\"Kullast s\u00f5rmus laboris kasvatatud teemantiga 1,03 ct. Kood: LAB-MT1038-Y-1,00\"},{\"@type\":\"BreadcrumbList\",\"@id\":\"https:\\\/\\\/matikuld.ee\\\/toode\\\/kullast-sormus-laboris-kasvatatud-teemantiga-103-ct-kood-lab-mt1038-y-100\\\/#breadcrumb\",\"itemListElement\":[{\"@type\":\"ListItem\",\"position\":1,\"name\":\"Avaleht\",\"item\":\"https:\\\/\\\/matikuld.ee\\\/\"},{\"@type\":\"ListItem\",\"position\":2,\"name\":\"Shop\",\"item\":\"https:\\\/\\\/matikuld.ee\\\/en\\\/shop\\\/\"},{\"@type\":\"ListItem\",\"position\":3,\"name\":\"Kullast s\u00f5rmus laboris kasvatatud teemantiga 1,03 ct. Kood: LAB-MT1038-Y-1,00\"}]},{\"@type\":\"WebSite\",\"@id\":\"https:\\\/\\\/matikuld.ee\\\/#website\",\"url\":\"https:\\\/\\\/matikuld.ee\\\/\",\"name\":\"Matigold\",\"description\":\"&Uuml;le 30 aasta kogemust juveelimaailmas - ehted kullast, teemanditega ehted, abielus&otilde;rmused, kihlas&otilde;rmused.\",\"publisher\":{\"@id\":\"https:\\\/\\\/matikuld.ee\\\/#organization\"},\"potentialAction\":[{\"@type\":\"SearchAction\",\"target\":{\"@type\":\"EntryPoint\",\"urlTemplate\":\"https:\\\/\\\/matikuld.ee\\\/?s={search_term_string}\"},\"query-input\":{\"@type\":\"PropertyValueSpecification\",\"valueRequired\":true,\"valueName\":\"search_term_string\"}}],\"inLanguage\":\"en-US\"},{\"@type\":\"Organization\",\"@id\":\"https:\\\/\\\/matikuld.ee\\\/#organization\",\"name\":\"Matigold\",\"url\":\"https:\\\/\\\/matikuld.ee\\\/\",\"logo\":{\"@type\":\"ImageObject\",\"inLanguage\":\"en-US\",\"@id\":\"https:\\\/\\\/matikuld.ee\\\/#\\\/schema\\\/logo\\\/image\\\/\",\"url\":\"https:\\\/\\\/matikuld.ee\\\/wp-content\\\/uploads\\\/2024\\\/10\\\/matigold-logo.svg\",\"contentUrl\":\"https:\\\/\\\/matikuld.ee\\\/wp-content\\\/uploads\\\/2024\\\/10\\\/matigold-logo.svg\",\"width\":264,\"height\":52,\"caption\":\"Matigold\"},\"image\":{\"@id\":\"https:\\\/\\\/matikuld.ee\\\/#\\\/schema\\\/logo\\\/image\\\/\"}}]}<\/script>\n<!-- \/ Yoast SEO plugin. -->","yoast_head_json":{"title":"Kullast s\u00f5rmus laboris kasvatatud teemantiga 1,03 ct. Kood: LAB-MT1038-Y-1,00 - MATIGOLD","robots":{"index":"index","follow":"follow","max-snippet":"max-snippet:-1","max-image-preview":"max-image-preview:large","max-video-preview":"max-video-preview:-1"},"canonical":"https:\/\/matikuld.ee\/toode\/kullast-sormus-laboris-kasvatatud-teemantiga-103-ct-kood-lab-mt1038-y-100\/","og_locale":"en_US","og_type":"article","og_title":"Kullast s\u00f5rmus laboris kasvatatud teemantiga 1,03 ct. Kood: LAB-MT1038-Y-1,00 - MATIGOLD","og_description":"16,0 mm &#8211; IGI sertifikaat: Vaata l\u00e4hemalt! 16,5 mm &#8211; IGI sertifikaat: Vaata l\u00e4hemalt! 17,0 mm &#8211; IGI sertifikaat: Vaata l\u00e4hemalt!","og_url":"https:\/\/matikuld.ee\/toode\/kullast-sormus-laboris-kasvatatud-teemantiga-103-ct-kood-lab-mt1038-y-100\/","og_site_name":"MATIGOLD","article_modified_time":"2026-05-10T11:02:39+00:00","og_image":[{"width":1080,"height":1080,"url":"https:\/\/matikuld.ee\/wp-content\/uploads\/2026\/05\/lab-mt1038-y-100-eest-2026-v2.jpg","type":"image\/jpeg"}],"twitter_card":"summary_large_image","twitter_misc":{"Est. reading time":"1 minute"},"schema":{"@context":"https:\/\/schema.org","@graph":[{"@type":"WebPage","@id":"https:\/\/matikuld.ee\/toode\/kullast-sormus-laboris-kasvatatud-teemantiga-103-ct-kood-lab-mt1038-y-100\/","url":"https:\/\/matikuld.ee\/toode\/kullast-sormus-laboris-kasvatatud-teemantiga-103-ct-kood-lab-mt1038-y-100\/","name":"Kullast s\u00f5rmus laboris kasvatatud teemantiga 1,03 ct. Kood: LAB-MT1038-Y-1,00 - MATIGOLD","isPartOf":{"@id":"https:\/\/matikuld.ee\/#website"},"primaryImageOfPage":{"@id":"https:\/\/matikuld.ee\/toode\/kullast-sormus-laboris-kasvatatud-teemantiga-103-ct-kood-lab-mt1038-y-100\/#primaryimage"},"image":{"@id":"https:\/\/matikuld.ee\/toode\/kullast-sormus-laboris-kasvatatud-teemantiga-103-ct-kood-lab-mt1038-y-100\/#primaryimage"},"thumbnailUrl":"https:\/\/matikuld.ee\/wp-content\/uploads\/2026\/05\/lab-mt1038-y-100-eest-2026-v2.jpg","datePublished":"2026-05-10T10:47:37+00:00","dateModified":"2026-05-10T11:02:39+00:00","breadcrumb":{"@id":"https:\/\/matikuld.ee\/toode\/kullast-sormus-laboris-kasvatatud-teemantiga-103-ct-kood-lab-mt1038-y-100\/#breadcrumb"},"inLanguage":"en-US","potentialAction":[{"@type":"ReadAction","target":["https:\/\/matikuld.ee\/toode\/kullast-sormus-laboris-kasvatatud-teemantiga-103-ct-kood-lab-mt1038-y-100\/"]}]},{"@type":"ImageObject","inLanguage":"en-US","@id":"https:\/\/matikuld.ee\/toode\/kullast-sormus-laboris-kasvatatud-teemantiga-103-ct-kood-lab-mt1038-y-100\/#primaryimage","url":"https:\/\/matikuld.ee\/wp-content\/uploads\/2026\/05\/lab-mt1038-y-100-eest-2026-v2.jpg","contentUrl":"https:\/\/matikuld.ee\/wp-content\/uploads\/2026\/05\/lab-mt1038-y-100-eest-2026-v2.jpg","width":1080,"height":1080,"caption":"Kullast s\u00f5rmus laboris kasvatatud teemantiga 1,03 ct. Kood: LAB-MT1038-Y-1,00"},{"@type":"BreadcrumbList","@id":"https:\/\/matikuld.ee\/toode\/kullast-sormus-laboris-kasvatatud-teemantiga-103-ct-kood-lab-mt1038-y-100\/#breadcrumb","itemListElement":[{"@type":"ListItem","position":1,"name":"Avaleht","item":"https:\/\/matikuld.ee\/"},{"@type":"ListItem","position":2,"name":"Shop","item":"https:\/\/matikuld.ee\/en\/shop\/"},{"@type":"ListItem","position":3,"name":"Kullast s\u00f5rmus laboris kasvatatud teemantiga 1,03 ct. Kood: LAB-MT1038-Y-1,00"}]},{"@type":"WebSite","@id":"https:\/\/matikuld.ee\/#website","url":"https:\/\/matikuld.ee\/","name":"Matigold","description":"&Uuml;le 30 aasta kogemust juveelimaailmas - ehted kullast, teemanditega ehted, abielus&otilde;rmused, kihlas&otilde;rmused.","publisher":{"@id":"https:\/\/matikuld.ee\/#organization"},"potentialAction":[{"@type":"SearchAction","target":{"@type":"EntryPoint","urlTemplate":"https:\/\/matikuld.ee\/?s={search_term_string}"},"query-input":{"@type":"PropertyValueSpecification","valueRequired":true,"valueName":"search_term_string"}}],"inLanguage":"en-US"},{"@type":"Organization","@id":"https:\/\/matikuld.ee\/#organization","name":"Matigold","url":"https:\/\/matikuld.ee\/","logo":{"@type":"ImageObject","inLanguage":"en-US","@id":"https:\/\/matikuld.ee\/#\/schema\/logo\/image\/","url":"https:\/\/matikuld.ee\/wp-content\/uploads\/2024\/10\/matigold-logo.svg","contentUrl":"https:\/\/matikuld.ee\/wp-content\/uploads\/2024\/10\/matigold-logo.svg","width":264,"height":52,"caption":"Matigold"},"image":{"@id":"https:\/\/matikuld.ee\/#\/schema\/logo\/image\/"}}]}},"_links":{"self":[{"href":"https:\/\/matikuld.ee\/en\/wp-json\/wp\/v2\/product\/109028","targetHints":{"allow":["GET"]}}],"collection":[{"href":"https:\/\/matikuld.ee\/en\/wp-json\/wp\/v2\/product"}],"about":[{"href":"https:\/\/matikuld.ee\/en\/wp-json\/wp\/v2\/types\/product"}],"version-history":[{"count":3,"href":"https:\/\/matikuld.ee\/en\/wp-json\/wp\/v2\/product\/109028\/revisions"}],"predecessor-version":[{"id":109043,"href":"https:\/\/matikuld.ee\/en\/wp-json\/wp\/v2\/product\/109028\/revisions\/109043"}],"wp:featuredmedia":[{"embeddable":true,"href":"https:\/\/matikuld.ee\/en\/wp-json\/wp\/v2\/media\/109029"}],"wp:attachment":[{"href":"https:\/\/matikuld.ee\/en\/wp-json\/wp\/v2\/media?parent=109028"}],"wp:term":[{"taxonomy":"product_cat","embeddable":true,"href":"https:\/\/matikuld.ee\/en\/wp-json\/wp\/v2\/product_cat?post=109028"},{"taxonomy":"product_tag","embeddable":true,"href":"https:\/\/matikuld.ee\/en\/wp-json\/wp\/v2\/product_tag?post=109028"},{"taxonomy":"woo-feed-brand","embeddable":true,"href":"https:\/\/matikuld.ee\/en\/wp-json\/wp\/v2\/woo-feed-brand?post=109028"}],"curies":[{"name":"wp","href":"https:\/\/api.w.org\/{rel}","templated":true}]}}