{"id":81952,"date":"2025-11-21T16:15:51","date_gmt":"2025-11-21T16:15:51","guid":{"rendered":"https:\/\/matikuld.ee\/toode\/set-of-gold-earrings-necklace-and-bracelet-gold-drops\/"},"modified":"2025-11-28T11:32:53","modified_gmt":"2025-11-28T11:32:53","slug":"set-of-gold-earrings-necklace-and-bracelet-gold-drops","status":"publish","type":"product","link":"https:\/\/matikuld.ee\/en\/product\/set-of-gold-earrings-necklace-and-bracelet-gold-drops\/","title":{"rendered":"Set of gold earrings, necklace and bracelet &#8220;Gold drops&#8221;."},"content":{"rendered":"<p><strong>Want to buy a separate set?<\/strong><\/p>\n<p>Gold earrings (product code: 283537): <a href=\"https:\/\/matikuld.ee\/toode\/kullast-korvarongad-kood-283537\/\"><em><strong>See more<\/strong><\/em><\/a><\/p>\n<p>Gold necklace (product code: 283540): <a href=\"https:\/\/matikuld.ee\/toode\/kullast-kaelakett-kood-283540\/\"><em><strong>See more<\/strong><\/em><\/a><\/p>\n<p>Gold bracelet (product code: 283541): <a href=\"https:\/\/matikuld.ee\/toode\/kullast-kaekett-kood-283541\/\"><em><strong>See more<\/strong><\/em><\/a><\/p>\n","protected":false},"excerpt":{"rendered":"<p>Want to buy a separate set? Gold earrings (product code: 283537): See more Gold necklace (product code: 283540): See more Gold bracelet (product code: 283541): See more<\/p>\n","protected":false},"featured_media":105784,"template":"","meta":{"_acf_changed":false},"product_cat":[1237,1374,1235],"product_tag":[],"woo-feed-brand":[],"class_list":{"0":"post-81952","1":"product","2":"type-product","3":"status-publish","4":"has-post-thumbnail","6":"product_cat-for-women","7":"product_cat-gift-ideas","8":"product_cat-jewellery","10":"first","11":"instock","12":"taxable","13":"shipping-taxable","14":"purchasable","15":"product-type-simple"},"acf":[],"yoast_head":"<!-- This site is optimized with the Yoast SEO plugin v27.2 - https:\/\/yoast.com\/product\/yoast-seo-wordpress\/ -->\n<title>Set of gold earrings, necklace and bracelet &quot;Gold drops&quot;. - MATIGOLD<\/title>\n<meta name=\"robots\" content=\"index, follow, max-snippet:-1, max-image-preview:large, max-video-preview:-1\" \/>\n<link rel=\"canonical\" href=\"https:\/\/matikuld.ee\/en\/product\/set-of-gold-earrings-necklace-and-bracelet-gold-drops\/\" \/>\n<meta property=\"og:locale\" content=\"en_US\" \/>\n<meta property=\"og:type\" content=\"article\" \/>\n<meta property=\"og:title\" content=\"Set of gold earrings, necklace and bracelet &quot;Gold drops&quot;. - MATIGOLD\" \/>\n<meta property=\"og:description\" content=\"Want to buy a separate set? Gold earrings (product code: 283537): See more Gold necklace (product code: 283540): See more Gold bracelet (product code: 283541): See more\" \/>\n<meta property=\"og:url\" content=\"https:\/\/matikuld.ee\/en\/product\/set-of-gold-earrings-necklace-and-bracelet-gold-drops\/\" \/>\n<meta property=\"og:site_name\" content=\"MATIGOLD\" \/>\n<meta property=\"article:modified_time\" content=\"2025-11-28T11:32:53+00:00\" \/>\n<meta property=\"og:image\" content=\"https:\/\/matikuld.ee\/wp-content\/uploads\/2025\/11\/komplekt-283537283540283541-v2.jpg\" \/>\n\t<meta property=\"og:image:width\" content=\"1080\" \/>\n\t<meta property=\"og:image:height\" content=\"1080\" \/>\n\t<meta property=\"og:image:type\" content=\"image\/jpeg\" \/>\n<meta name=\"twitter:card\" content=\"summary_large_image\" \/>\n<script type=\"application\/ld+json\" class=\"yoast-schema-graph\">{\"@context\":\"https:\/\/schema.org\",\"@graph\":[{\"@type\":\"WebPage\",\"@id\":\"https:\/\/matikuld.ee\/en\/product\/set-of-gold-earrings-necklace-and-bracelet-gold-drops\/\",\"url\":\"https:\/\/matikuld.ee\/en\/product\/set-of-gold-earrings-necklace-and-bracelet-gold-drops\/\",\"name\":\"Set of gold earrings, necklace and bracelet \\\"Gold drops\\\". - MATIGOLD\",\"isPartOf\":{\"@id\":\"https:\/\/matikuld.ee\/#website\"},\"primaryImageOfPage\":{\"@id\":\"https:\/\/matikuld.ee\/en\/product\/set-of-gold-earrings-necklace-and-bracelet-gold-drops\/#primaryimage\"},\"image\":{\"@id\":\"https:\/\/matikuld.ee\/en\/product\/set-of-gold-earrings-necklace-and-bracelet-gold-drops\/#primaryimage\"},\"thumbnailUrl\":\"https:\/\/matikuld.ee\/wp-content\/uploads\/2025\/11\/komplekt-273537-283540-283541-modell-2026-v1-laiem.jpg\",\"datePublished\":\"2025-11-21T16:15:51+00:00\",\"dateModified\":\"2025-11-28T11:32:53+00:00\",\"breadcrumb\":{\"@id\":\"https:\/\/matikuld.ee\/en\/product\/set-of-gold-earrings-necklace-and-bracelet-gold-drops\/#breadcrumb\"},\"inLanguage\":\"en-US\",\"potentialAction\":[{\"@type\":\"ReadAction\",\"target\":[\"https:\/\/matikuld.ee\/en\/product\/set-of-gold-earrings-necklace-and-bracelet-gold-drops\/\"]}]},{\"@type\":\"ImageObject\",\"inLanguage\":\"en-US\",\"@id\":\"https:\/\/matikuld.ee\/en\/product\/set-of-gold-earrings-necklace-and-bracelet-gold-drops\/#primaryimage\",\"url\":\"https:\/\/matikuld.ee\/wp-content\/uploads\/2025\/11\/komplekt-273537-283540-283541-modell-2026-v1-laiem.jpg\",\"contentUrl\":\"https:\/\/matikuld.ee\/wp-content\/uploads\/2025\/11\/komplekt-273537-283540-283541-modell-2026-v1-laiem.jpg\",\"width\":1080,\"height\":1080,\"caption\":\"Kullast k\u00f5rvar\u00f5ngaste, kaelakett ja k\u00e4eketi Komplekt: \\\"Kuldpisarad\\\"\"},{\"@type\":\"BreadcrumbList\",\"@id\":\"https:\/\/matikuld.ee\/en\/product\/set-of-gold-earrings-necklace-and-bracelet-gold-drops\/#breadcrumb\",\"itemListElement\":[{\"@type\":\"ListItem\",\"position\":1,\"name\":\"Avaleht\",\"item\":\"https:\/\/matikuld.ee\/\"},{\"@type\":\"ListItem\",\"position\":2,\"name\":\"Shop\",\"item\":\"https:\/\/matikuld.ee\/en\/shop\/\"},{\"@type\":\"ListItem\",\"position\":3,\"name\":\"Set of gold earrings, necklace and bracelet &#8220;Gold drops&#8221;.\"}]},{\"@type\":\"WebSite\",\"@id\":\"https:\/\/matikuld.ee\/#website\",\"url\":\"https:\/\/matikuld.ee\/\",\"name\":\"Matigold\",\"description\":\"&Uuml;le 30 aasta kogemust juveelimaailmas - ehted kullast, teemanditega ehted, abielus&otilde;rmused, kihlas&otilde;rmused.\",\"publisher\":{\"@id\":\"https:\/\/matikuld.ee\/#organization\"},\"potentialAction\":[{\"@type\":\"SearchAction\",\"target\":{\"@type\":\"EntryPoint\",\"urlTemplate\":\"https:\/\/matikuld.ee\/?s={search_term_string}\"},\"query-input\":{\"@type\":\"PropertyValueSpecification\",\"valueRequired\":true,\"valueName\":\"search_term_string\"}}],\"inLanguage\":\"en-US\"},{\"@type\":\"Organization\",\"@id\":\"https:\/\/matikuld.ee\/#organization\",\"name\":\"Matigold\",\"url\":\"https:\/\/matikuld.ee\/\",\"logo\":{\"@type\":\"ImageObject\",\"inLanguage\":\"en-US\",\"@id\":\"https:\/\/matikuld.ee\/#\/schema\/logo\/image\/\",\"url\":\"https:\/\/matikuld.ee\/wp-content\/uploads\/2024\/10\/matigold-logo.svg\",\"contentUrl\":\"https:\/\/matikuld.ee\/wp-content\/uploads\/2024\/10\/matigold-logo.svg\",\"width\":264,\"height\":52,\"caption\":\"Matigold\"},\"image\":{\"@id\":\"https:\/\/matikuld.ee\/#\/schema\/logo\/image\/\"}}]}<\/script>\n<!-- \/ Yoast SEO plugin. -->","yoast_head_json":{"title":"Set of gold earrings, necklace and bracelet \"Gold drops\". - MATIGOLD","robots":{"index":"index","follow":"follow","max-snippet":"max-snippet:-1","max-image-preview":"max-image-preview:large","max-video-preview":"max-video-preview:-1"},"canonical":"https:\/\/matikuld.ee\/en\/product\/set-of-gold-earrings-necklace-and-bracelet-gold-drops\/","og_locale":"en_US","og_type":"article","og_title":"Set of gold earrings, necklace and bracelet \"Gold drops\". - MATIGOLD","og_description":"Want to buy a separate set? Gold earrings (product code: 283537): See more Gold necklace (product code: 283540): See more Gold bracelet (product code: 283541): See more","og_url":"https:\/\/matikuld.ee\/en\/product\/set-of-gold-earrings-necklace-and-bracelet-gold-drops\/","og_site_name":"MATIGOLD","article_modified_time":"2025-11-28T11:32:53+00:00","og_image":[{"width":1080,"height":1080,"url":"https:\/\/matikuld.ee\/wp-content\/uploads\/2025\/11\/komplekt-283537283540283541-v2.jpg","type":"image\/jpeg"}],"twitter_card":"summary_large_image","schema":{"@context":"https:\/\/schema.org","@graph":[{"@type":"WebPage","@id":"https:\/\/matikuld.ee\/en\/product\/set-of-gold-earrings-necklace-and-bracelet-gold-drops\/","url":"https:\/\/matikuld.ee\/en\/product\/set-of-gold-earrings-necklace-and-bracelet-gold-drops\/","name":"Set of gold earrings, necklace and bracelet \"Gold drops\". - MATIGOLD","isPartOf":{"@id":"https:\/\/matikuld.ee\/#website"},"primaryImageOfPage":{"@id":"https:\/\/matikuld.ee\/en\/product\/set-of-gold-earrings-necklace-and-bracelet-gold-drops\/#primaryimage"},"image":{"@id":"https:\/\/matikuld.ee\/en\/product\/set-of-gold-earrings-necklace-and-bracelet-gold-drops\/#primaryimage"},"thumbnailUrl":"https:\/\/matikuld.ee\/wp-content\/uploads\/2025\/11\/komplekt-273537-283540-283541-modell-2026-v1-laiem.jpg","datePublished":"2025-11-21T16:15:51+00:00","dateModified":"2025-11-28T11:32:53+00:00","breadcrumb":{"@id":"https:\/\/matikuld.ee\/en\/product\/set-of-gold-earrings-necklace-and-bracelet-gold-drops\/#breadcrumb"},"inLanguage":"en-US","potentialAction":[{"@type":"ReadAction","target":["https:\/\/matikuld.ee\/en\/product\/set-of-gold-earrings-necklace-and-bracelet-gold-drops\/"]}]},{"@type":"ImageObject","inLanguage":"en-US","@id":"https:\/\/matikuld.ee\/en\/product\/set-of-gold-earrings-necklace-and-bracelet-gold-drops\/#primaryimage","url":"https:\/\/matikuld.ee\/wp-content\/uploads\/2025\/11\/komplekt-273537-283540-283541-modell-2026-v1-laiem.jpg","contentUrl":"https:\/\/matikuld.ee\/wp-content\/uploads\/2025\/11\/komplekt-273537-283540-283541-modell-2026-v1-laiem.jpg","width":1080,"height":1080,"caption":"Kullast k\u00f5rvar\u00f5ngaste, kaelakett ja k\u00e4eketi Komplekt: \"Kuldpisarad\""},{"@type":"BreadcrumbList","@id":"https:\/\/matikuld.ee\/en\/product\/set-of-gold-earrings-necklace-and-bracelet-gold-drops\/#breadcrumb","itemListElement":[{"@type":"ListItem","position":1,"name":"Avaleht","item":"https:\/\/matikuld.ee\/"},{"@type":"ListItem","position":2,"name":"Shop","item":"https:\/\/matikuld.ee\/en\/shop\/"},{"@type":"ListItem","position":3,"name":"Set of gold earrings, necklace and bracelet &#8220;Gold drops&#8221;."}]},{"@type":"WebSite","@id":"https:\/\/matikuld.ee\/#website","url":"https:\/\/matikuld.ee\/","name":"Matigold","description":"&Uuml;le 30 aasta kogemust juveelimaailmas - ehted kullast, teemanditega ehted, abielus&otilde;rmused, kihlas&otilde;rmused.","publisher":{"@id":"https:\/\/matikuld.ee\/#organization"},"potentialAction":[{"@type":"SearchAction","target":{"@type":"EntryPoint","urlTemplate":"https:\/\/matikuld.ee\/?s={search_term_string}"},"query-input":{"@type":"PropertyValueSpecification","valueRequired":true,"valueName":"search_term_string"}}],"inLanguage":"en-US"},{"@type":"Organization","@id":"https:\/\/matikuld.ee\/#organization","name":"Matigold","url":"https:\/\/matikuld.ee\/","logo":{"@type":"ImageObject","inLanguage":"en-US","@id":"https:\/\/matikuld.ee\/#\/schema\/logo\/image\/","url":"https:\/\/matikuld.ee\/wp-content\/uploads\/2024\/10\/matigold-logo.svg","contentUrl":"https:\/\/matikuld.ee\/wp-content\/uploads\/2024\/10\/matigold-logo.svg","width":264,"height":52,"caption":"Matigold"},"image":{"@id":"https:\/\/matikuld.ee\/#\/schema\/logo\/image\/"}}]}},"_links":{"self":[{"href":"https:\/\/matikuld.ee\/en\/wp-json\/wp\/v2\/product\/81952","targetHints":{"allow":["GET"]}}],"collection":[{"href":"https:\/\/matikuld.ee\/en\/wp-json\/wp\/v2\/product"}],"about":[{"href":"https:\/\/matikuld.ee\/en\/wp-json\/wp\/v2\/types\/product"}],"version-history":[{"count":1,"href":"https:\/\/matikuld.ee\/en\/wp-json\/wp\/v2\/product\/81952\/revisions"}],"predecessor-version":[{"id":81954,"href":"https:\/\/matikuld.ee\/en\/wp-json\/wp\/v2\/product\/81952\/revisions\/81954"}],"wp:featuredmedia":[{"embeddable":true,"href":"https:\/\/matikuld.ee\/en\/wp-json\/wp\/v2\/media\/105784"}],"wp:attachment":[{"href":"https:\/\/matikuld.ee\/en\/wp-json\/wp\/v2\/media?parent=81952"}],"wp:term":[{"taxonomy":"product_cat","embeddable":true,"href":"https:\/\/matikuld.ee\/en\/wp-json\/wp\/v2\/product_cat?post=81952"},{"taxonomy":"product_tag","embeddable":true,"href":"https:\/\/matikuld.ee\/en\/wp-json\/wp\/v2\/product_tag?post=81952"},{"taxonomy":"woo-feed-brand","embeddable":true,"href":"https:\/\/matikuld.ee\/en\/wp-json\/wp\/v2\/woo-feed-brand?post=81952"}],"curies":[{"name":"wp","href":"https:\/\/api.w.org\/{rel}","templated":true}]}}